{"id":5237,"date":"2024-10-28T16:55:28","date_gmt":"2024-10-28T16:55:28","guid":{"rendered":"https:\/\/consultsda.com\/cookie-policy\/"},"modified":"2024-12-19T21:02:59","modified_gmt":"2024-12-19T21:02:59","slug":"gestion-de-temoins","status":"publish","type":"page","link":"https:\/\/consultsda.com\/fr\/gestion-de-temoins\/","title":{"rendered":"Politique de cookies"},"content":{"rendered":"\t\t<div data-elementor-type=\"wp-page\" data-elementor-id=\"5237\" class=\"elementor elementor-5237 elementor-3639\" data-elementor-post-type=\"page\">\n\t\t\t\t\t\t<section class=\"elementor-section elementor-top-section elementor-element elementor-element-b54cb73 elementor-section-boxed elementor-section-height-default elementor-section-height-default\" data-id=\"b54cb73\" data-element_type=\"section\" data-e-type=\"section\" data-settings=\"{&quot;wdt_bg_image&quot;:{&quot;url&quot;:&quot;&quot;,&quot;id&quot;:&quot;&quot;,&quot;size&quot;:&quot;&quot;},&quot;wdt_bg_image_widescreen&quot;:{&quot;url&quot;:&quot;&quot;,&quot;id&quot;:&quot;&quot;,&quot;size&quot;:&quot;&quot;},&quot;wdt_bg_image_laptop&quot;:{&quot;url&quot;:&quot;&quot;,&quot;id&quot;:&quot;&quot;,&quot;size&quot;:&quot;&quot;},&quot;wdt_bg_image_tablet_extra&quot;:{&quot;url&quot;:&quot;&quot;,&quot;id&quot;:&quot;&quot;,&quot;size&quot;:&quot;&quot;},&quot;wdt_bg_image_tablet&quot;:{&quot;url&quot;:&quot;&quot;,&quot;id&quot;:&quot;&quot;,&quot;size&quot;:&quot;&quot;},&quot;wdt_bg_image_mobile_extra&quot;:{&quot;url&quot;:&quot;&quot;,&quot;id&quot;:&quot;&quot;,&quot;size&quot;:&quot;&quot;},&quot;wdt_bg_image_mobile&quot;:{&quot;url&quot;:&quot;&quot;,&quot;id&quot;:&quot;&quot;,&quot;size&quot;:&quot;&quot;},&quot;wdt_bg_position&quot;:&quot;center center&quot;,&quot;wdt_animation_effect&quot;:&quot;none&quot;}\">\n\t\t\t\t\t\t<div class=\"elementor-container elementor-column-gap-default\">\n\t\t\t\t\t<div class=\"elementor-column elementor-col-100 elementor-top-column elementor-element elementor-element-01863b1\" data-id=\"01863b1\" data-element_type=\"column\" data-e-type=\"column\">\n\t\t\t<div class=\"elementor-widget-wrap elementor-element-populated\">\n\t\t\t\t\t\t<div class=\"elementor-element elementor-element-8fd0103 wdt-custom-common-heading-title animated-fast elementor-invisible elementor-widget elementor-widget-qi_addons_for_elementor_animated_text\" data-id=\"8fd0103\" data-element_type=\"widget\" data-e-type=\"widget\" data-settings=\"{&quot;_animation&quot;:&quot;fadeInRight&quot;,&quot;wdt_animation_effect&quot;:&quot;none&quot;}\" data-widget_type=\"qi_addons_for_elementor_animated_text.default\">\n\t\t\t\t<div class=\"elementor-widget-container\">\n\t\t\t\t\t<div class=\"qodef-shortcode qodef-m qodef-qi-animated-text qodef--animated-by-letter qodef--alignment-left qodef-qi--has-appear qodef--appear-from-right\" >\n\t\t<h2 class=\"qodef-m-title\">\n\t\t<span class=\"qodef-e-word-holder\">Gestion<\/span> <span class=\"qodef-e-word-holder\">des<\/span> <span class=\"qodef-e-word-holder\">t\u00e9moins<\/span>\t<\/h2>\n<\/div>\n\t\t\t\t<\/div>\n\t\t\t\t<\/div>\n\t\t\t\t<div class=\"elementor-element elementor-element-31af449 start elementor-widget elementor-widget-wdt-heading\" data-id=\"31af449\" data-element_type=\"widget\" data-e-type=\"widget\" data-settings=\"{&quot;wdt_animation_effect&quot;:&quot;none&quot;}\" data-widget_type=\"wdt-heading.default\">\n\t\t\t\t<div class=\"elementor-widget-container\">\n\t\t\t\t\t<div class=\"wdt-heading-holder \" id=\"wdt-heading-31af449\"><div class=\"wdt-heading-content-wrapper\"><b>\u2022 Prestataires de services tiers.<\/b> Nous pouvons engager des prestataires de services pour effectuer des services en notre nom. Par exemple, cela peut inclure une plateforme de marketing par courriel que nous utilisons pour envoyer des courriels \u00e0 des clients potentiels. Nous fournissons aux prestataires de services une quantit\u00e9 limit\u00e9e d\u2019informations n\u00e9cessaire pour qu\u2019ils puissent fournir leurs services, et ils ne sont pas autoris\u00e9s \u00e0 utiliser ces informations \u00e0 d\u2019autres fins. Ces prestataires de services n\u2019ont pas le droit de divulguer ces informations \u00e0 d\u2019autres parties.\n\n<br><br>\n<b>\u2022 Vente ou transfert d\u2019entreprise ou autre transaction.<\/b> Nous pouvons divulguer des informations personnelles \u00e0 un tiers dans le cadre d'une vente ou d'un transfert d'entreprise ou d'actifs, d'une fusion, d'une r\u00e9organisation ou d'un financement de certaines parties de notre entreprise (y compris dans le cadre de proc\u00e9dures d'insolvabilit\u00e9 ou de faillite). Si la transaction est finalis\u00e9e, vos informations personnelles resteront prot\u00e9g\u00e9es par les lois sur la confidentialit\u00e9 en vigueur. Si la transaction n'est pas finalis\u00e9e, nous exigerons que l'autre partie n'utilise ni ne divulgue vos informations personnelles de quelque mani\u00e8re que ce soit et qu'elle supprime compl\u00e8tement ces informations, conform\u00e9ment aux lois applicables.\n\n<br><br>\n<b>\u2022 Partenaires commerciaux.<\/b> Avec votre consentement, nous pouvons fournir vos informations personnelles \u00e0 nos partenaires commerciaux, par exemple si vous \u00eates int\u00e9ress\u00e9 par leurs services.\n\n<br><br>\n<b>\u2022 Autres raisons permises.<\/b> Les lois applicables peuvent autoriser ou exiger la divulgation d'informations personnelles sans consentement dans des circonstances sp\u00e9cifiques (par exemple, pour enqu\u00eater et pr\u00e9venir des activit\u00e9s ill\u00e9gales pr\u00e9sum\u00e9es ou r\u00e9elles, y compris la fraude, ou pour aider les agences gouvernementales et les forces de l'ordre). Ces circonstances incluent les situations o\u00f9 la loi le permet ou l'exige, ou lorsqu'il est n\u00e9cessaire de prot\u00e9ger notre groupe d'entreprises, nos employ\u00e9s, nos clients ou d'autres personnes. Dans ce cas, nous ne partagerons pas plus d\u2019informations personnelles que ce qui est raisonnablement n\u00e9cessaire pour atteindre cet objectif particulier.\n<br><br>\n<b>Informations personnelles \u00e0 l\u2019ext\u00e9rieur du Canada<\/b>\n<br><br>\nVos informations personnelles peuvent dans certains cas \u00eatre transf\u00e9r\u00e9es vers des juridictions situ\u00e9es en dehors du Canada. Par cons\u00e9quent, vous comprenez que vos informations personnelles seront soumises aux lois des autres juridictions et peuvent \u00eatre accessibles, sans pr\u00e9avis, aux autorit\u00e9s gouvernementales \u00e9trang\u00e8res en vertu d'ordres l\u00e9gaux et des lois applicables dans ces juridictions.\n<br><br>\n<b>S\u00e9curit\u00e9 des informations personnelles<\/b>\n<br><br>\nNous utilisons des mesures organisationnelles, physiques et technologiques pour prot\u00e9ger la confidentialit\u00e9 des informations personnelles et pour les prot\u00e9ger contre la perte ou le vol, ainsi que contre l'acc\u00e8s, la divulgation, la copie, l'utilisation ou la modification non autoris\u00e9s, en tenant compte, entre autres, de la sensibilit\u00e9 des informations et des objectifs pour lesquels elles sont utilis\u00e9es.\n<br><br>\n<b>Conservation<\/b>\n<br><br>\nNous ne conservons les informations personnelles que le temps n\u00e9cessaire pour atteindre les objectifs pour lesquels elles ont \u00e9t\u00e9 collect\u00e9es et pour lesquels le consentement a \u00e9t\u00e9 re\u00e7u, sauf si la loi autorise ou exige autrement. Les informations personnelles qui ne sont plus n\u00e9cessaires pour atteindre les objectifs identifi\u00e9s seront d\u00e9truites, effac\u00e9es ou rendues anonymes.\n<br><br>\n<b>Acc\u00e8s et rectification<\/b>\n<br><br>\nSDA respecte votre droit d'acc\u00e9der \u00e0 vos informations personnelles et de les corriger. Pour exercer ces droits, veuillez nous contacter en utilisant les coordonn\u00e9es fournies dans la section \u00ab Comment nous contacter \u00bb ci-dessous.\n<br><br>\n<b>Comment nous contacter<\/b>\n<br><br>\nSi vous avez des questions concernant cette Politique de confidentialit\u00e9 ou les pratiques de gestion des donn\u00e9es de SDA, veuillez nous contacter en utilisant les informations de contact fournies sur notre page \u00ab Contactez-nous \u00bb.\n<br><br>\n<b>Modification de la Politique de confidentialit\u00e9<\/b>\n<br><br>\nSDA peut examiner et mettre \u00e0 jour ses politiques et proc\u00e9dures au besoin pour rester \u00e0 jour avec les r\u00e8gles et r\u00e8glements, les nouvelles technologies et les normes.\n<br><br>\nNotre Politique de confidentialit\u00e9 peut donc changer de temps \u00e0 autre. Nous publierons tout changement apport\u00e9 \u00e0 la politique de confidentialit\u00e9 sur notre site web et, si les changements sont importants, nous fournirons un avis plus visible.\n<br><br>\n<b>Cette Politique de confidentialit\u00e9 a \u00e9t\u00e9 mise \u00e0 jour pour la derni\u00e8re fois le 1 novembre 2024.<\/b><\/div><\/div>\t\t\t\t<\/div>\n\t\t\t\t<\/div>\n\t\t\t\t\t<\/div>\n\t\t<\/div>\n\t\t\t\t\t<\/div>\n\t\t<\/section>\n\t\t\t\t<\/div>\n\t\t","protected":false},"excerpt":{"rendered":"<p>Gestion des t\u00e9moins \u2022 Prestataires de services tiers. Nous pouvons engager des prestataires de services pour effectuer des services en notre nom. Par exemple, cela peut inclure une plateforme de marketing par courriel que nous utilisons pour envoyer des courriels \u00e0 des clients potentiels. Nous fournissons aux prestataires de services une quantit\u00e9 limit\u00e9e d\u2019informations n\u00e9cessaire [&hellip;]<\/p>\n","protected":false},"author":2,"featured_media":0,"parent":0,"menu_order":0,"comment_status":"closed","ping_status":"closed","template":"elementor_theme","meta":{"om_disable_all_campaigns":false,"footnotes":""},"class_list":["post-5237","page","type-page","status-publish","hentry"],"yoast_head":"<!-- This site is optimized with the Yoast SEO Premium plugin v25.4 (Yoast SEO v27.4) - https:\/\/yoast.com\/product\/yoast-seo-premium-wordpress\/ -->\n<title>Politique de cookies - SDA - System Design Analysis (SDA)<\/title>\n<meta name=\"robots\" content=\"index, nofollow, max-snippet:-1, max-image-preview:large, max-video-preview:-1\" \/>\n<link rel=\"canonical\" href=\"https:\/\/consultsda.com\/fr\/gestion-de-temoins\/\" \/>\n<meta property=\"og:locale\" content=\"fr_FR\" \/>\n<meta property=\"og:type\" content=\"article\" \/>\n<meta property=\"og:title\" content=\"Politique de cookies\" \/>\n<meta property=\"og:description\" content=\"Gestion des t\u00e9moins \u2022 Prestataires de services tiers. Nous pouvons engager des prestataires de services pour effectuer des services en notre nom. Par exemple, cela peut inclure une plateforme de marketing par courriel que nous utilisons pour envoyer des courriels \u00e0 des clients potentiels. Nous fournissons aux prestataires de services une quantit\u00e9 limit\u00e9e d\u2019informations n\u00e9cessaire [&hellip;]\" \/>\n<meta property=\"og:url\" content=\"https:\/\/consultsda.com\/fr\/gestion-de-temoins\/\" \/>\n<meta property=\"og:site_name\" content=\"SDA - System Design Analysis (SDA)\" \/>\n<meta property=\"article:modified_time\" content=\"2024-12-19T21:02:59+00:00\" \/>\n<meta name=\"twitter:card\" content=\"summary_large_image\" \/>\n<meta name=\"twitter:site\" content=\"@SDAInc3\" \/>\n<meta name=\"twitter:label1\" content=\"Dur\u00e9e de lecture estim\u00e9e\" \/>\n\t<meta name=\"twitter:data1\" content=\"4 minutes\" \/>\n<script type=\"application\/ld+json\" class=\"yoast-schema-graph\">{\"@context\":\"https:\\\/\\\/schema.org\",\"@graph\":[{\"@type\":\"WebPage\",\"@id\":\"https:\\\/\\\/consultsda.com\\\/fr\\\/gestion-de-temoins\\\/\",\"url\":\"https:\\\/\\\/consultsda.com\\\/fr\\\/gestion-de-temoins\\\/\",\"name\":\"Politique de cookies - SDA - System Design Analysis (SDA)\",\"isPartOf\":{\"@id\":\"https:\\\/\\\/consultsda.com\\\/fr\\\/#website\"},\"datePublished\":\"2024-10-28T16:55:28+00:00\",\"dateModified\":\"2024-12-19T21:02:59+00:00\",\"breadcrumb\":{\"@id\":\"https:\\\/\\\/consultsda.com\\\/fr\\\/gestion-de-temoins\\\/#breadcrumb\"},\"inLanguage\":\"fr-FR\",\"potentialAction\":[{\"@type\":\"ReadAction\",\"target\":[\"https:\\\/\\\/consultsda.com\\\/fr\\\/gestion-de-temoins\\\/\"]}]},{\"@type\":\"BreadcrumbList\",\"@id\":\"https:\\\/\\\/consultsda.com\\\/fr\\\/gestion-de-temoins\\\/#breadcrumb\",\"itemListElement\":[{\"@type\":\"ListItem\",\"position\":1,\"name\":\"Home\",\"item\":\"https:\\\/\\\/consultsda.com\\\/fr\\\/\"},{\"@type\":\"ListItem\",\"position\":2,\"name\":\"Politique de cookies\"}]},{\"@type\":\"WebSite\",\"@id\":\"https:\\\/\\\/consultsda.com\\\/fr\\\/#website\",\"url\":\"https:\\\/\\\/consultsda.com\\\/fr\\\/\",\"name\":\"SDA - System Design Analysis (SDA)\",\"description\":\"System Design Analysis (SDA) Inc\",\"publisher\":{\"@id\":\"https:\\\/\\\/consultsda.com\\\/fr\\\/#organization\"},\"alternateName\":\"SDA\",\"potentialAction\":[{\"@type\":\"SearchAction\",\"target\":{\"@type\":\"EntryPoint\",\"urlTemplate\":\"https:\\\/\\\/consultsda.com\\\/fr\\\/?s={search_term_string}\"},\"query-input\":{\"@type\":\"PropertyValueSpecification\",\"valueRequired\":true,\"valueName\":\"search_term_string\"}}],\"inLanguage\":\"fr-FR\"},{\"@type\":\"Organization\",\"@id\":\"https:\\\/\\\/consultsda.com\\\/fr\\\/#organization\",\"name\":\"SDA - System Design Analysis (SDA)\",\"alternateName\":\"SDA\",\"url\":\"https:\\\/\\\/consultsda.com\\\/fr\\\/\",\"logo\":{\"@type\":\"ImageObject\",\"inLanguage\":\"fr-FR\",\"@id\":\"https:\\\/\\\/consultsda.com\\\/fr\\\/#\\\/schema\\\/logo\\\/image\\\/\",\"url\":\"https:\\\/\\\/consultsda.com\\\/wp-content\\\/uploads\\\/2024\\\/10\\\/cropped-Logo-2.png?wsr\",\"contentUrl\":\"https:\\\/\\\/consultsda.com\\\/wp-content\\\/uploads\\\/2024\\\/10\\\/cropped-Logo-2.png?wsr\",\"width\":388,\"height\":224,\"caption\":\"SDA - System Design Analysis (SDA)\"},\"image\":{\"@id\":\"https:\\\/\\\/consultsda.com\\\/fr\\\/#\\\/schema\\\/logo\\\/image\\\/\"},\"sameAs\":[\"https:\\\/\\\/x.com\\\/SDAInc3\",\"https:\\\/\\\/www.linkedin.com\\\/company\\\/sda-inc\\\/\"]}]}<\/script>\n<!-- \/ Yoast SEO Premium plugin. -->","yoast_head_json":{"title":"Politique de cookies - SDA - System Design Analysis (SDA)","robots":{"index":"index","follow":"nofollow","max-snippet":"max-snippet:-1","max-image-preview":"max-image-preview:large","max-video-preview":"max-video-preview:-1"},"canonical":"https:\/\/consultsda.com\/fr\/gestion-de-temoins\/","og_locale":"fr_FR","og_type":"article","og_title":"Politique de cookies","og_description":"Gestion des t\u00e9moins \u2022 Prestataires de services tiers. Nous pouvons engager des prestataires de services pour effectuer des services en notre nom. Par exemple, cela peut inclure une plateforme de marketing par courriel que nous utilisons pour envoyer des courriels \u00e0 des clients potentiels. Nous fournissons aux prestataires de services une quantit\u00e9 limit\u00e9e d\u2019informations n\u00e9cessaire [&hellip;]","og_url":"https:\/\/consultsda.com\/fr\/gestion-de-temoins\/","og_site_name":"SDA - System Design Analysis (SDA)","article_modified_time":"2024-12-19T21:02:59+00:00","twitter_card":"summary_large_image","twitter_site":"@SDAInc3","twitter_misc":{"Dur\u00e9e de lecture estim\u00e9e":"4 minutes"},"schema":{"@context":"https:\/\/schema.org","@graph":[{"@type":"WebPage","@id":"https:\/\/consultsda.com\/fr\/gestion-de-temoins\/","url":"https:\/\/consultsda.com\/fr\/gestion-de-temoins\/","name":"Politique de cookies - SDA - System Design Analysis (SDA)","isPartOf":{"@id":"https:\/\/consultsda.com\/fr\/#website"},"datePublished":"2024-10-28T16:55:28+00:00","dateModified":"2024-12-19T21:02:59+00:00","breadcrumb":{"@id":"https:\/\/consultsda.com\/fr\/gestion-de-temoins\/#breadcrumb"},"inLanguage":"fr-FR","potentialAction":[{"@type":"ReadAction","target":["https:\/\/consultsda.com\/fr\/gestion-de-temoins\/"]}]},{"@type":"BreadcrumbList","@id":"https:\/\/consultsda.com\/fr\/gestion-de-temoins\/#breadcrumb","itemListElement":[{"@type":"ListItem","position":1,"name":"Home","item":"https:\/\/consultsda.com\/fr\/"},{"@type":"ListItem","position":2,"name":"Politique de cookies"}]},{"@type":"WebSite","@id":"https:\/\/consultsda.com\/fr\/#website","url":"https:\/\/consultsda.com\/fr\/","name":"SDA - System Design Analysis (SDA)","description":"System Design Analysis (SDA) Inc","publisher":{"@id":"https:\/\/consultsda.com\/fr\/#organization"},"alternateName":"SDA","potentialAction":[{"@type":"SearchAction","target":{"@type":"EntryPoint","urlTemplate":"https:\/\/consultsda.com\/fr\/?s={search_term_string}"},"query-input":{"@type":"PropertyValueSpecification","valueRequired":true,"valueName":"search_term_string"}}],"inLanguage":"fr-FR"},{"@type":"Organization","@id":"https:\/\/consultsda.com\/fr\/#organization","name":"SDA - System Design Analysis (SDA)","alternateName":"SDA","url":"https:\/\/consultsda.com\/fr\/","logo":{"@type":"ImageObject","inLanguage":"fr-FR","@id":"https:\/\/consultsda.com\/fr\/#\/schema\/logo\/image\/","url":"https:\/\/consultsda.com\/wp-content\/uploads\/2024\/10\/cropped-Logo-2.png?wsr","contentUrl":"https:\/\/consultsda.com\/wp-content\/uploads\/2024\/10\/cropped-Logo-2.png?wsr","width":388,"height":224,"caption":"SDA - System Design Analysis (SDA)"},"image":{"@id":"https:\/\/consultsda.com\/fr\/#\/schema\/logo\/image\/"},"sameAs":["https:\/\/x.com\/SDAInc3","https:\/\/www.linkedin.com\/company\/sda-inc\/"]}]}},"_links":{"self":[{"href":"https:\/\/consultsda.com\/fr\/wp-json\/wp\/v2\/pages\/5237","targetHints":{"allow":["GET"]}}],"collection":[{"href":"https:\/\/consultsda.com\/fr\/wp-json\/wp\/v2\/pages"}],"about":[{"href":"https:\/\/consultsda.com\/fr\/wp-json\/wp\/v2\/types\/page"}],"author":[{"embeddable":true,"href":"https:\/\/consultsda.com\/fr\/wp-json\/wp\/v2\/users\/2"}],"replies":[{"embeddable":true,"href":"https:\/\/consultsda.com\/fr\/wp-json\/wp\/v2\/comments?post=5237"}],"version-history":[{"count":23,"href":"https:\/\/consultsda.com\/fr\/wp-json\/wp\/v2\/pages\/5237\/revisions"}],"predecessor-version":[{"id":6946,"href":"https:\/\/consultsda.com\/fr\/wp-json\/wp\/v2\/pages\/5237\/revisions\/6946"}],"wp:attachment":[{"href":"https:\/\/consultsda.com\/fr\/wp-json\/wp\/v2\/media?parent=5237"}],"curies":[{"name":"wp","href":"https:\/\/api.w.org\/{rel}","templated":true}]}}