{"id":5236,"date":"2024-10-28T16:54:34","date_gmt":"2024-10-28T16:54:34","guid":{"rendered":"https:\/\/consultsda.com\/terms-of-use\/"},"modified":"2024-11-12T16:14:01","modified_gmt":"2024-11-12T16:14:01","slug":"conditions-generales","status":"publish","type":"page","link":"https:\/\/consultsda.com\/fr\/conditions-generales\/","title":{"rendered":"Conditions d&rsquo;utilisation"},"content":{"rendered":"\t\t<div data-elementor-type=\"wp-page\" data-elementor-id=\"5236\" class=\"elementor elementor-5236 elementor-3637\" data-elementor-post-type=\"page\">\n\t\t\t\t\t\t<section class=\"elementor-section elementor-top-section elementor-element elementor-element-9b3b191 elementor-section-boxed elementor-section-height-default elementor-section-height-default\" data-id=\"9b3b191\" data-element_type=\"section\" data-e-type=\"section\" data-settings=\"{&quot;wdt_bg_image&quot;:{&quot;url&quot;:&quot;&quot;,&quot;id&quot;:&quot;&quot;,&quot;size&quot;:&quot;&quot;},&quot;wdt_bg_image_widescreen&quot;:{&quot;url&quot;:&quot;&quot;,&quot;id&quot;:&quot;&quot;,&quot;size&quot;:&quot;&quot;},&quot;wdt_bg_image_laptop&quot;:{&quot;url&quot;:&quot;&quot;,&quot;id&quot;:&quot;&quot;,&quot;size&quot;:&quot;&quot;},&quot;wdt_bg_image_tablet_extra&quot;:{&quot;url&quot;:&quot;&quot;,&quot;id&quot;:&quot;&quot;,&quot;size&quot;:&quot;&quot;},&quot;wdt_bg_image_tablet&quot;:{&quot;url&quot;:&quot;&quot;,&quot;id&quot;:&quot;&quot;,&quot;size&quot;:&quot;&quot;},&quot;wdt_bg_image_mobile_extra&quot;:{&quot;url&quot;:&quot;&quot;,&quot;id&quot;:&quot;&quot;,&quot;size&quot;:&quot;&quot;},&quot;wdt_bg_image_mobile&quot;:{&quot;url&quot;:&quot;&quot;,&quot;id&quot;:&quot;&quot;,&quot;size&quot;:&quot;&quot;},&quot;wdt_bg_position&quot;:&quot;center center&quot;,&quot;wdt_animation_effect&quot;:&quot;none&quot;}\">\n\t\t\t\t\t\t<div class=\"elementor-container elementor-column-gap-default\">\n\t\t\t\t\t<div class=\"elementor-column elementor-col-100 elementor-top-column elementor-element elementor-element-c4096b9\" data-id=\"c4096b9\" data-element_type=\"column\" data-e-type=\"column\">\n\t\t\t<div class=\"elementor-widget-wrap elementor-element-populated\">\n\t\t\t\t\t\t<div class=\"elementor-element elementor-element-474b55c wdt-custom-common-heading-title animated-fast elementor-invisible elementor-widget elementor-widget-qi_addons_for_elementor_animated_text\" data-id=\"474b55c\" data-element_type=\"widget\" data-e-type=\"widget\" data-settings=\"{&quot;_animation&quot;:&quot;fadeInRight&quot;,&quot;wdt_animation_effect&quot;:&quot;none&quot;}\" data-widget_type=\"qi_addons_for_elementor_animated_text.default\">\n\t\t\t\t<div class=\"elementor-widget-container\">\n\t\t\t\t\t<div class=\"qodef-shortcode qodef-m qodef-qi-animated-text qodef--animated-by-letter qodef--alignment-left qodef-qi--has-appear qodef--appear-from-right\" >\n\t\t<h2 class=\"qodef-m-title\">\n\t\t<span class=\"qodef-e-word-holder\">Conditions<\/span> <span class=\"qodef-e-word-holder\">G\u00e9n\u00e9rales<\/span> <span class=\"qodef-e-word-holder\">de<\/span> <span class=\"qodef-e-word-holder\">SDAVIM-AI<\/span>\t<\/h2>\n<\/div>\n\t\t\t\t<\/div>\n\t\t\t\t<\/div>\n\t\t\t\t<div class=\"elementor-element elementor-element-0221d73 start elementor-widget elementor-widget-wdt-heading\" data-id=\"0221d73\" data-element_type=\"widget\" data-e-type=\"widget\" data-settings=\"{&quot;wdt_animation_effect&quot;:&quot;none&quot;}\" data-widget_type=\"wdt-heading.default\">\n\t\t\t\t<div class=\"elementor-widget-container\">\n\t\t\t\t\t<div class=\"wdt-heading-holder \" id=\"wdt-heading-0221d73\"><div class=\"wdt-heading-separator-wrapper\"><div class=\"wdt-heading-separator with-line\"><div class=\"wdt-separator-line\"><\/div><\/div><\/div><div class=\"wdt-heading-content-wrapper\"><strong>CONDITIONS G\u00c9N\u00c9RALES<\/strong><\/h2>\n<p><strong>1. D\u00e9finitions<\/strong><br>\n1.1. \u00ab Produit \u00bb d\u00e9signe SDAVIM-AI.<br>\n1.2. \u00ab Utilisateur \u00bb d\u00e9signe l\u2019entit\u00e9 ou l\u2019individu achetant ou utilisant le Produit.<br>\n1.3. \u00ab Accord \u00bb d\u00e9signe l\u2019int\u00e9gralit\u00e9 de l\u2019accord entre SYSTEM DESIGN ANALYSIS (SDA) INC. et l\u2019Utilisateur, y compris les pr\u00e9sentes conditions et tout autre accord ou document additionnel mentionn\u00e9 dans le pr\u00e9sent document.<\/p>\n\n<p><strong>2. Octroi de licence<\/strong><br>\n2.1. SYSTEM DESIGN ANALYSIS (SDA) INC. accorde \u00e0 l\u2019Utilisateur une licence non exclusive et non transf\u00e9rable pour utiliser le Produit conform\u00e9ment aux termes du pr\u00e9sent Accord.<br>\n2.2. La licence est accord\u00e9e uniquement pour l\u2019utilisation du logiciel telle qu\u2019intentionn\u00e9e par SYSTEM DESIGN ANALYSIS (SDA) INC. Toute utilisation d\u00e9passant le cadre d\u00e9fini dans le pr\u00e9sent accord est strictement interdite.<\/p>\n\n<p><strong>3. Propri\u00e9t\u00e9 intellectuelle<\/strong><br>\n3.1. Le Produit et tous les droits de propri\u00e9t\u00e9 intellectuelle associ\u00e9s appartiennent \u00e0 SYSTEM DESIGN ANALYSIS (SDA) INC.<br>\n3.2. L\u2019Utilisateur reconna\u00eet et accepte de ne pas d\u00e9sosser, d\u00e9compiler, ou tenter de quelque mani\u00e8re que ce soit de d\u00e9river le code source du Produit.<\/p>\n\n<p><strong>4. Support et maintenance<\/strong><br>\n4.1. SYSTEM DESIGN ANALYSIS (SDA) INC. s\u2019engage \u00e0 fournir des services de support et de maintenance comme sp\u00e9cifi\u00e9 dans un accord de support distinct ou dans la documentation.<br>\n4.2. Les mises \u00e0 jour et les am\u00e9liorations du logiciel peuvent \u00eatre fournies \u00e0 la discr\u00e9tion de SYSTEM DESIGN ANALYSIS (SDA) INC.<\/p>\n\n<p><strong>5. Paiement et frais<\/strong><br>\n5.1. L\u2019Utilisateur accepte de payer \u00e0 SYSTEM DESIGN ANALYSIS (SDA) INC. les frais convenus pour le Produit, tels que d\u00e9crits dans l\u2019accord de tarification.<br>\n5.2. L\u2019Utilisateur est responsable des taxes, droits ou autres pr\u00e9l\u00e8vements gouvernementaux associ\u00e9s \u00e0 l\u2019achat ou \u00e0 l\u2019utilisation du logiciel.<\/p>\n\n<p><strong>6. Confidentialit\u00e9<\/strong><br>\n6.1. Les deux parties s\u2019engagent \u00e0 garder confidentielles toutes les informations non publiques re\u00e7ues de l\u2019autre partie et \u00e0 utiliser ces informations uniquement aux fins du pr\u00e9sent Accord.<\/p>\n\n<p><strong>7. Limitation de responsabilit\u00e9<\/strong><br>\n7.1. SYSTEM DESIGN ANALYSIS (SDA) INC. ne saurait \u00eatre tenu responsable de tout dommage indirect, incident, sp\u00e9cial ou cons\u00e9cutif, y compris, mais sans s\u2019y limiter, la perte de profits, r\u00e9sultant de l\u2019utilisation ou de la performance du Produit.<\/p>\n\n<p><strong>8. R\u00e9siliation<\/strong><br>\n8.1. Chaque partie peut r\u00e9silier le pr\u00e9sent accord sur notification \u00e9crite si l\u2019autre partie enfreint une clause essentielle et ne rem\u00e9die pas \u00e0 cette infraction dans un d\u00e9lai raisonnable.<\/p>\n\n<p><strong>9. Droit applicable<\/strong><br>\n9.1. Le pr\u00e9sent Accord est r\u00e9gi et interpr\u00e9t\u00e9 conform\u00e9ment aux lois du Canada.<\/p>\n\n<p><strong>10. Divers<\/strong><br>\n10.1. Le pr\u00e9sent Accord constitue l\u2019int\u00e9gralit\u00e9 de l\u2019entente entre les parties et remplace tous les accords ou ententes ant\u00e9rieurs, oraux ou \u00e9crits.<br>\n10.2. Toute modification du pr\u00e9sent Accord doit \u00eatre faite par \u00e9crit et sign\u00e9e par les deux parties.<\/p>\n<br>\n\n<b>Informations personnelles \u00e0 l\u2019ext\u00e9rieur du Canada<\/b>\n<br><br>\nVos informations personnelles peuvent dans certains cas \u00eatre transf\u00e9r\u00e9es vers des juridictions situ\u00e9es en dehors du Canada. Par cons\u00e9quent, vous comprenez que vos informations personnelles seront soumises aux lois des autres juridictions et peuvent \u00eatre accessibles, sans pr\u00e9avis, aux autorit\u00e9s gouvernementales \u00e9trang\u00e8res en vertu d'ordres l\u00e9gaux et des lois applicables dans ces juridictions.\n<br><br>\n<b>S\u00e9curit\u00e9 des informations personnelles<\/b>\n<br><br>\nNous utilisons des mesures organisationnelles, physiques et technologiques pour prot\u00e9ger la confidentialit\u00e9 des informations personnelles et pour les prot\u00e9ger contre la perte ou le vol, ainsi que contre l'acc\u00e8s, la divulgation, la copie, l'utilisation ou la modification non autoris\u00e9s, en tenant compte, entre autres, de la sensibilit\u00e9 des informations et des objectifs pour lesquels elles sont utilis\u00e9es.\n<br><br>\n<b>Conservation<\/b>\n<br><br>\nNous ne conservons les informations personnelles que le temps n\u00e9cessaire pour atteindre les objectifs pour lesquels elles ont \u00e9t\u00e9 collect\u00e9es et pour lesquels le consentement a \u00e9t\u00e9 re\u00e7u, sauf si la loi autorise ou exige autrement. Les informations personnelles qui ne sont plus n\u00e9cessaires pour atteindre les objectifs identifi\u00e9s seront d\u00e9truites, effac\u00e9es ou rendues anonymes.\n<br><br>\n<b>Acc\u00e8s et rectification<\/b>\n<br><br>\nSDA respecte votre droit d'acc\u00e9der \u00e0 vos informations personnelles et de les corriger. Pour exercer ces droits, veuillez nous contacter en utilisant les coordonn\u00e9es fournies dans la section \u00ab Comment nous contacter \u00bb ci-dessous.\n<br><br>\n<b>Comment nous contacter<\/b>\n<br><br>\nSi vous avez des questions concernant cette Politique de confidentialit\u00e9 ou les pratiques de gestion des donn\u00e9es de SDA, veuillez nous contacter en utilisant les informations de contact fournies sur notre page \u00ab Contactez-nous \u00bb.\n<br><br>\n<b>Modification de la Politique de confidentialit\u00e9<\/b>\n<br><br>\nSDA peut examiner et mettre \u00e0 jour ses politiques et proc\u00e9dures au besoin pour rester \u00e0 jour avec les r\u00e8gles et r\u00e8glements, les nouvelles technologies et les normes.\n<br><br>\nNotre Politique de confidentialit\u00e9 peut donc changer de temps \u00e0 autre. Nous publierons tout changement apport\u00e9 \u00e0 la politique de confidentialit\u00e9 sur notre site web et, si les changements sont importants, nous fournirons un avis plus visible.\n<br><br>\n<b>Cette Politique de confidentialit\u00e9 a \u00e9t\u00e9 mise \u00e0 jour pour la derni\u00e8re fois le 1 novembre 2024.<\/b><\/div><\/div>\t\t\t\t<\/div>\n\t\t\t\t<\/div>\n\t\t\t\t\t<\/div>\n\t\t<\/div>\n\t\t\t\t\t<\/div>\n\t\t<\/section>\n\t\t\t\t<\/div>\n\t\t","protected":false},"excerpt":{"rendered":"<p>Conditions G\u00e9n\u00e9rales de SDAVIM-AI CONDITIONS G\u00c9N\u00c9RALES 1. D\u00e9finitions 1.1. \u00ab Produit \u00bb d\u00e9signe SDAVIM-AI. 1.2. \u00ab Utilisateur \u00bb d\u00e9signe l\u2019entit\u00e9 ou l\u2019individu achetant ou utilisant le Produit. 1.3. \u00ab Accord \u00bb d\u00e9signe l\u2019int\u00e9gralit\u00e9 de l\u2019accord entre SYSTEM DESIGN ANALYSIS (SDA) INC. et l\u2019Utilisateur, y compris les pr\u00e9sentes conditions et tout autre accord ou document additionnel [&hellip;]<\/p>\n","protected":false},"author":2,"featured_media":0,"parent":0,"menu_order":0,"comment_status":"closed","ping_status":"closed","template":"elementor_theme","meta":{"om_disable_all_campaigns":false,"footnotes":""},"class_list":["post-5236","page","type-page","status-publish","hentry"],"yoast_head":"<!-- This site is optimized with the Yoast SEO Premium plugin v25.4 (Yoast SEO v27.4) - https:\/\/yoast.com\/product\/yoast-seo-premium-wordpress\/ -->\n<title>Conditions d&#039;utilisation - SDA - System Design Analysis (SDA)<\/title>\n<meta name=\"robots\" content=\"index, follow, max-snippet:-1, max-image-preview:large, max-video-preview:-1\" \/>\n<link rel=\"canonical\" href=\"https:\/\/consultsda.com\/fr\/conditions-generales\/\" \/>\n<meta property=\"og:locale\" content=\"fr_FR\" \/>\n<meta property=\"og:type\" content=\"article\" \/>\n<meta property=\"og:title\" content=\"Conditions d&#039;utilisation\" \/>\n<meta property=\"og:description\" content=\"Conditions G\u00e9n\u00e9rales de SDAVIM-AI CONDITIONS G\u00c9N\u00c9RALES 1. D\u00e9finitions 1.1. \u00ab Produit \u00bb d\u00e9signe SDAVIM-AI. 1.2. \u00ab Utilisateur \u00bb d\u00e9signe l\u2019entit\u00e9 ou l\u2019individu achetant ou utilisant le Produit. 1.3. \u00ab Accord \u00bb d\u00e9signe l\u2019int\u00e9gralit\u00e9 de l\u2019accord entre SYSTEM DESIGN ANALYSIS (SDA) INC. et l\u2019Utilisateur, y compris les pr\u00e9sentes conditions et tout autre accord ou document additionnel [&hellip;]\" \/>\n<meta property=\"og:url\" content=\"https:\/\/consultsda.com\/fr\/conditions-generales\/\" \/>\n<meta property=\"og:site_name\" content=\"SDA - System Design Analysis (SDA)\" \/>\n<meta property=\"article:modified_time\" content=\"2024-11-12T16:14:01+00:00\" \/>\n<meta name=\"twitter:card\" content=\"summary_large_image\" \/>\n<meta name=\"twitter:site\" content=\"@SDAInc3\" \/>\n<meta name=\"twitter:label1\" content=\"Dur\u00e9e de lecture estim\u00e9e\" \/>\n\t<meta name=\"twitter:data1\" content=\"4 minutes\" \/>\n<script type=\"application\/ld+json\" class=\"yoast-schema-graph\">{\"@context\":\"https:\\\/\\\/schema.org\",\"@graph\":[{\"@type\":\"WebPage\",\"@id\":\"https:\\\/\\\/consultsda.com\\\/fr\\\/conditions-generales\\\/\",\"url\":\"https:\\\/\\\/consultsda.com\\\/fr\\\/conditions-generales\\\/\",\"name\":\"Conditions d'utilisation - SDA - System Design Analysis (SDA)\",\"isPartOf\":{\"@id\":\"https:\\\/\\\/consultsda.com\\\/fr\\\/#website\"},\"datePublished\":\"2024-10-28T16:54:34+00:00\",\"dateModified\":\"2024-11-12T16:14:01+00:00\",\"breadcrumb\":{\"@id\":\"https:\\\/\\\/consultsda.com\\\/fr\\\/conditions-generales\\\/#breadcrumb\"},\"inLanguage\":\"fr-FR\",\"potentialAction\":[{\"@type\":\"ReadAction\",\"target\":[\"https:\\\/\\\/consultsda.com\\\/fr\\\/conditions-generales\\\/\"]}]},{\"@type\":\"BreadcrumbList\",\"@id\":\"https:\\\/\\\/consultsda.com\\\/fr\\\/conditions-generales\\\/#breadcrumb\",\"itemListElement\":[{\"@type\":\"ListItem\",\"position\":1,\"name\":\"Home\",\"item\":\"https:\\\/\\\/consultsda.com\\\/fr\\\/\"},{\"@type\":\"ListItem\",\"position\":2,\"name\":\"Conditions d&#8217;utilisation\"}]},{\"@type\":\"WebSite\",\"@id\":\"https:\\\/\\\/consultsda.com\\\/fr\\\/#website\",\"url\":\"https:\\\/\\\/consultsda.com\\\/fr\\\/\",\"name\":\"SDA - System Design Analysis (SDA)\",\"description\":\"System Design Analysis (SDA) Inc\",\"publisher\":{\"@id\":\"https:\\\/\\\/consultsda.com\\\/fr\\\/#organization\"},\"alternateName\":\"SDA\",\"potentialAction\":[{\"@type\":\"SearchAction\",\"target\":{\"@type\":\"EntryPoint\",\"urlTemplate\":\"https:\\\/\\\/consultsda.com\\\/fr\\\/?s={search_term_string}\"},\"query-input\":{\"@type\":\"PropertyValueSpecification\",\"valueRequired\":true,\"valueName\":\"search_term_string\"}}],\"inLanguage\":\"fr-FR\"},{\"@type\":\"Organization\",\"@id\":\"https:\\\/\\\/consultsda.com\\\/fr\\\/#organization\",\"name\":\"SDA - System Design Analysis (SDA)\",\"alternateName\":\"SDA\",\"url\":\"https:\\\/\\\/consultsda.com\\\/fr\\\/\",\"logo\":{\"@type\":\"ImageObject\",\"inLanguage\":\"fr-FR\",\"@id\":\"https:\\\/\\\/consultsda.com\\\/fr\\\/#\\\/schema\\\/logo\\\/image\\\/\",\"url\":\"https:\\\/\\\/consultsda.com\\\/wp-content\\\/uploads\\\/2024\\\/10\\\/cropped-Logo-2.png?wsr\",\"contentUrl\":\"https:\\\/\\\/consultsda.com\\\/wp-content\\\/uploads\\\/2024\\\/10\\\/cropped-Logo-2.png?wsr\",\"width\":388,\"height\":224,\"caption\":\"SDA - System Design Analysis (SDA)\"},\"image\":{\"@id\":\"https:\\\/\\\/consultsda.com\\\/fr\\\/#\\\/schema\\\/logo\\\/image\\\/\"},\"sameAs\":[\"https:\\\/\\\/x.com\\\/SDAInc3\",\"https:\\\/\\\/www.linkedin.com\\\/company\\\/sda-inc\\\/\"]}]}<\/script>\n<!-- \/ Yoast SEO Premium plugin. -->","yoast_head_json":{"title":"Conditions d'utilisation - SDA - System Design Analysis (SDA)","robots":{"index":"index","follow":"follow","max-snippet":"max-snippet:-1","max-image-preview":"max-image-preview:large","max-video-preview":"max-video-preview:-1"},"canonical":"https:\/\/consultsda.com\/fr\/conditions-generales\/","og_locale":"fr_FR","og_type":"article","og_title":"Conditions d'utilisation","og_description":"Conditions G\u00e9n\u00e9rales de SDAVIM-AI CONDITIONS G\u00c9N\u00c9RALES 1. D\u00e9finitions 1.1. \u00ab Produit \u00bb d\u00e9signe SDAVIM-AI. 1.2. \u00ab Utilisateur \u00bb d\u00e9signe l\u2019entit\u00e9 ou l\u2019individu achetant ou utilisant le Produit. 1.3. \u00ab Accord \u00bb d\u00e9signe l\u2019int\u00e9gralit\u00e9 de l\u2019accord entre SYSTEM DESIGN ANALYSIS (SDA) INC. et l\u2019Utilisateur, y compris les pr\u00e9sentes conditions et tout autre accord ou document additionnel [&hellip;]","og_url":"https:\/\/consultsda.com\/fr\/conditions-generales\/","og_site_name":"SDA - System Design Analysis (SDA)","article_modified_time":"2024-11-12T16:14:01+00:00","twitter_card":"summary_large_image","twitter_site":"@SDAInc3","twitter_misc":{"Dur\u00e9e de lecture estim\u00e9e":"4 minutes"},"schema":{"@context":"https:\/\/schema.org","@graph":[{"@type":"WebPage","@id":"https:\/\/consultsda.com\/fr\/conditions-generales\/","url":"https:\/\/consultsda.com\/fr\/conditions-generales\/","name":"Conditions d'utilisation - SDA - System Design Analysis (SDA)","isPartOf":{"@id":"https:\/\/consultsda.com\/fr\/#website"},"datePublished":"2024-10-28T16:54:34+00:00","dateModified":"2024-11-12T16:14:01+00:00","breadcrumb":{"@id":"https:\/\/consultsda.com\/fr\/conditions-generales\/#breadcrumb"},"inLanguage":"fr-FR","potentialAction":[{"@type":"ReadAction","target":["https:\/\/consultsda.com\/fr\/conditions-generales\/"]}]},{"@type":"BreadcrumbList","@id":"https:\/\/consultsda.com\/fr\/conditions-generales\/#breadcrumb","itemListElement":[{"@type":"ListItem","position":1,"name":"Home","item":"https:\/\/consultsda.com\/fr\/"},{"@type":"ListItem","position":2,"name":"Conditions d&#8217;utilisation"}]},{"@type":"WebSite","@id":"https:\/\/consultsda.com\/fr\/#website","url":"https:\/\/consultsda.com\/fr\/","name":"SDA - System Design Analysis (SDA)","description":"System Design Analysis (SDA) Inc","publisher":{"@id":"https:\/\/consultsda.com\/fr\/#organization"},"alternateName":"SDA","potentialAction":[{"@type":"SearchAction","target":{"@type":"EntryPoint","urlTemplate":"https:\/\/consultsda.com\/fr\/?s={search_term_string}"},"query-input":{"@type":"PropertyValueSpecification","valueRequired":true,"valueName":"search_term_string"}}],"inLanguage":"fr-FR"},{"@type":"Organization","@id":"https:\/\/consultsda.com\/fr\/#organization","name":"SDA - System Design Analysis (SDA)","alternateName":"SDA","url":"https:\/\/consultsda.com\/fr\/","logo":{"@type":"ImageObject","inLanguage":"fr-FR","@id":"https:\/\/consultsda.com\/fr\/#\/schema\/logo\/image\/","url":"https:\/\/consultsda.com\/wp-content\/uploads\/2024\/10\/cropped-Logo-2.png?wsr","contentUrl":"https:\/\/consultsda.com\/wp-content\/uploads\/2024\/10\/cropped-Logo-2.png?wsr","width":388,"height":224,"caption":"SDA - System Design Analysis (SDA)"},"image":{"@id":"https:\/\/consultsda.com\/fr\/#\/schema\/logo\/image\/"},"sameAs":["https:\/\/x.com\/SDAInc3","https:\/\/www.linkedin.com\/company\/sda-inc\/"]}]}},"_links":{"self":[{"href":"https:\/\/consultsda.com\/fr\/wp-json\/wp\/v2\/pages\/5236","targetHints":{"allow":["GET"]}}],"collection":[{"href":"https:\/\/consultsda.com\/fr\/wp-json\/wp\/v2\/pages"}],"about":[{"href":"https:\/\/consultsda.com\/fr\/wp-json\/wp\/v2\/types\/page"}],"author":[{"embeddable":true,"href":"https:\/\/consultsda.com\/fr\/wp-json\/wp\/v2\/users\/2"}],"replies":[{"embeddable":true,"href":"https:\/\/consultsda.com\/fr\/wp-json\/wp\/v2\/comments?post=5236"}],"version-history":[{"count":18,"href":"https:\/\/consultsda.com\/fr\/wp-json\/wp\/v2\/pages\/5236\/revisions"}],"predecessor-version":[{"id":6892,"href":"https:\/\/consultsda.com\/fr\/wp-json\/wp\/v2\/pages\/5236\/revisions\/6892"}],"wp:attachment":[{"href":"https:\/\/consultsda.com\/fr\/wp-json\/wp\/v2\/media?parent=5236"}],"curies":[{"name":"wp","href":"https:\/\/api.w.org\/{rel}","templated":true}]}}