{"id":5235,"date":"2023-05-26T06:11:23","date_gmt":"2023-05-26T06:11:23","guid":{"rendered":"https:\/\/consultsda.com\/privacy-policy\/"},"modified":"2024-11-12T16:13:04","modified_gmt":"2024-11-12T16:13:04","slug":"politique-de-confidentialite","status":"publish","type":"page","link":"https:\/\/consultsda.com\/fr\/politique-de-confidentialite\/","title":{"rendered":"Politique de confidentialit\u00e9"},"content":{"rendered":"\t\t<div data-elementor-type=\"wp-page\" data-elementor-id=\"5235\" class=\"elementor elementor-5235 elementor-3\" data-elementor-post-type=\"page\">\n\t\t\t\t\t\t<section class=\"elementor-section elementor-top-section elementor-element elementor-element-715347c elementor-section-boxed elementor-section-height-default elementor-section-height-default\" data-id=\"715347c\" data-element_type=\"section\" data-e-type=\"section\" data-settings=\"{&quot;wdt_bg_image&quot;:{&quot;url&quot;:&quot;&quot;,&quot;id&quot;:&quot;&quot;,&quot;size&quot;:&quot;&quot;},&quot;wdt_bg_image_widescreen&quot;:{&quot;url&quot;:&quot;&quot;,&quot;id&quot;:&quot;&quot;,&quot;size&quot;:&quot;&quot;},&quot;wdt_bg_image_laptop&quot;:{&quot;url&quot;:&quot;&quot;,&quot;id&quot;:&quot;&quot;,&quot;size&quot;:&quot;&quot;},&quot;wdt_bg_image_tablet_extra&quot;:{&quot;url&quot;:&quot;&quot;,&quot;id&quot;:&quot;&quot;,&quot;size&quot;:&quot;&quot;},&quot;wdt_bg_image_tablet&quot;:{&quot;url&quot;:&quot;&quot;,&quot;id&quot;:&quot;&quot;,&quot;size&quot;:&quot;&quot;},&quot;wdt_bg_image_mobile_extra&quot;:{&quot;url&quot;:&quot;&quot;,&quot;id&quot;:&quot;&quot;,&quot;size&quot;:&quot;&quot;},&quot;wdt_bg_image_mobile&quot;:{&quot;url&quot;:&quot;&quot;,&quot;id&quot;:&quot;&quot;,&quot;size&quot;:&quot;&quot;},&quot;wdt_bg_position&quot;:&quot;center center&quot;,&quot;wdt_animation_effect&quot;:&quot;none&quot;}\">\n\t\t\t\t\t\t<div class=\"elementor-container elementor-column-gap-default\">\n\t\t\t\t\t<div class=\"elementor-column elementor-col-100 elementor-top-column elementor-element elementor-element-f6adcdc\" data-id=\"f6adcdc\" data-element_type=\"column\" data-e-type=\"column\">\n\t\t\t<div class=\"elementor-widget-wrap elementor-element-populated\">\n\t\t\t\t\t\t<div class=\"elementor-element elementor-element-40a768a wdt-custom-common-heading-title animated-fast elementor-invisible elementor-widget elementor-widget-qi_addons_for_elementor_animated_text\" data-id=\"40a768a\" data-element_type=\"widget\" data-e-type=\"widget\" data-settings=\"{&quot;_animation&quot;:&quot;fadeInRight&quot;,&quot;wdt_animation_effect&quot;:&quot;none&quot;}\" data-widget_type=\"qi_addons_for_elementor_animated_text.default\">\n\t\t\t\t<div class=\"elementor-widget-container\">\n\t\t\t\t\t<div class=\"qodef-shortcode qodef-m qodef-qi-animated-text qodef--animated-by-letter qodef--alignment-left qodef-qi--has-appear qodef--appear-from-right\" >\n\t\t<h2 class=\"qodef-m-title\">\n\t\t<span class=\"qodef-e-word-holder\">Politique<\/span> <span class=\"qodef-e-word-holder\">de<\/span> <span class=\"qodef-e-word-holder\">confidentialit\u00e9<\/span>\t<\/h2>\n<\/div>\n\t\t\t\t<\/div>\n\t\t\t\t<\/div>\n\t\t\t\t<div class=\"elementor-element elementor-element-5896df5 start elementor-widget elementor-widget-wdt-heading\" data-id=\"5896df5\" data-element_type=\"widget\" data-e-type=\"widget\" data-settings=\"{&quot;wdt_animation_effect&quot;:&quot;none&quot;}\" data-widget_type=\"wdt-heading.default\">\n\t\t\t\t<div class=\"elementor-widget-container\">\n\t\t\t\t\t<div class=\"wdt-heading-holder \" id=\"wdt-heading-5896df5\"><div class=\"wdt-heading-separator-wrapper\"><div class=\"wdt-heading-separator with-line\"><div class=\"wdt-separator-line\"><\/div><\/div><\/div><div class=\"wdt-heading-content-wrapper\">Votre vie priv\u00e9e est importante pour System Design Analysis (SDA) Inc. (\u00ab SDA \u00bb). Cette Politique de confidentialit\u00e9 d\u00e9crit comment nous collectons, utilisons et partageons les informations personnelles des visiteurs de notre site web et des personnes avec lesquelles nous communiquons en lien avec la promotion de nos services ou des services de nos partenaires. Cette Politique de confidentialit\u00e9 ne s\u2019applique pas \u00e0 la gestion des informations personnelles dans le cadre de la prestation de nos services \u00e0 nos clients.\n\n<br><br>Lorsqu\u2019utilis\u00e9 dans cette Politique de confidentialit\u00e9, le terme informations personnelles signifie \u00ab toute information concernant une personne identifiable \u00bb. Cela peut inclure, par exemple, votre adresse courriel et vos coordonn\u00e9es. Les informations qui sont agr\u00e9g\u00e9es et\/ou anonymis\u00e9es et qui ne peuvent \u00eatre associ\u00e9es \u00e0 une personne identifiable ne sont pas consid\u00e9r\u00e9es comme des informations personnelles.\n\n<br><br>\n<b>Collecte et utilisation des informations personnelles<\/b>\n<br><br>\nNous pouvons recueillir vos informations personnelles de diff\u00e9rentes sources. Par exemple, vous pouvez fournir des informations lorsque vous nous contactez via notre site web (en utilisant la section \u00ab Contactez-nous \u00bb), par courriel, par t\u00e9l\u00e9phone ou autrement. Nous pouvons \u00e9galement recueillir vos coordonn\u00e9es professionnelles que vous fournissez en personne lors d\u2019un \u00e9v\u00e9nement (par exemple, si vous partagez votre carte de visite) ou si ces informations sont publiquement disponibles sur un site web professionnel ou d\u2019entreprise (par exemple, le site web de votre entreprise).\n\n<br><br>\nEn g\u00e9n\u00e9ral, nous utilisons ces informations pour r\u00e9pondre \u00e0 vos demandes ou pour vous contacter au sujet des services de SDA, des services de nos partenaires, ou pour fournir des informations ou du contenu (comme des webinaires) qui pourraient vous int\u00e9resser. Vous pouvez toujours vous d\u00e9sabonner des communications envoy\u00e9es par SDA. Pour vous d\u00e9sinscrire des courriels commerciaux, il vous suffit de cliquer sur le lien \u00ab se d\u00e9sabonner \u00bb ou \u00ab opt out \u00bb au bas de toute communication \u00e9lectronique commerciale que nous vous envoyons.\n\n<br><br>\nNous pouvons \u00e9galement utiliser les informations personnelles \u00e0 des fins de formation interne et d\u2019assurance qualit\u00e9, pour comprendre et \u00e9valuer les int\u00e9r\u00eats des visiteurs et des clients (et des clients potentiels) afin d'am\u00e9liorer nos services et notre site web, ainsi que pour toute autre fin permise par la loi.\n\n<br><br>\nLorsque vous visitez notre site web, nous pouvons \u00e9galement recueillir, par des moyens \u00e9lectroniques tels que des cookies, des informations techniques. Ces informations peuvent inclure des donn\u00e9es sur votre visite sur notre site web, telles que l'adresse IP de votre ordinateur, le navigateur que vous avez utilis\u00e9 pour consulter notre site, votre syst\u00e8me d'exploitation, la r\u00e9solution de l'\u00e9cran, l'emplacement, les param\u00e8tres de langue du navigateur, le site d'o\u00f9 vous venez, les mots-cl\u00e9s recherch\u00e9s (si vous arrivez depuis un moteur de recherche) ou le nombre de pages vues. Ces donn\u00e9es sont utilis\u00e9es pour mesurer et am\u00e9liorer l'efficacit\u00e9 de notre site web ou pour enrichir l'exp\u00e9rience de nos visiteurs. Nous traitons ces informations comme des informations personnelles lorsqu'elles sont associ\u00e9es \u00e0 votre compte ou \u00e0 vos coordonn\u00e9es.\n\n<br><br>\n<b>Google Analytics.<\/b> Ce site utilise Google Analytics, ce qui nous permet de voir des informations sur les activit\u00e9s des utilisateurs sur notre site web, y compris, sans s'y limiter, les pages vues, la source et le temps pass\u00e9 sur notre site. Ces informations sont d\u00e9personnalis\u00e9es et affich\u00e9es sous forme de chiffres, ce qui signifie qu'elles ne peuvent pas \u00eatre reli\u00e9es \u00e0 des individus. Vous pouvez vous d\u00e9sinscrire de notre utilisation de <a href=\"https:\/\/tools.google.com\/dlpage\/gaoptout?hl=fr\" target=\"_blank\" rel=\"noopener\">la page de d\u00e9sactivation de Google Analytics<\/a>.\n\n<br><br>\n<b>Votre choix concernant les cookies.<\/b> Vous pouvez bloquer l'utilisation de cookies en activant les param\u00e8tres de votre navigateur. La fonction \u00ab Aide \u00bb de la plupart des navigateurs vous indiquera comment emp\u00eacher votre navigateur d'accepter de nouveaux cookies, comment faire en sorte que le navigateur vous avertisse lorsque vous recevez un nouveau cookie, ou comment d\u00e9sactiver compl\u00e8tement les cookies. Si vous choisissez de refuser votre consentement, ou si vous bloquez ult\u00e9rieurement les cookies, il se peut que vous ne puissiez pas acc\u00e9der \u00e0 tout ou partie du contenu de notre site web. De plus, vous pouvez d\u00e9sactiver ou supprimer des donn\u00e9es similaires utilis\u00e9es par les modules compl\u00e9mentaires de votre navigateur, en modifiant les param\u00e8tres du module compl\u00e9mentaire ou en visitant le site web de son fabricant.\n\n<br><br>\n<b>Partage des informations personnelles<\/b>\n<br><br>Nous ne partagerons pas vos informations personnelles avec un tiers non affili\u00e9 sans votre consentement pr\u00e9alable, sauf si cela est autoris\u00e9 par la loi ou dans les cas suivants :\n<br>\n<br>\n<b>\u2022 Prestataires de services tiers.<\/b> Nous pouvons engager des prestataires de services pour effectuer des services en notre nom. Par exemple, cela peut inclure une plateforme de marketing par courriel que nous utilisons pour envoyer des courriels \u00e0 des clients potentiels. Nous fournissons aux prestataires de services une quantit\u00e9 limit\u00e9e d\u2019informations n\u00e9cessaire pour qu\u2019ils puissent fournir leurs services, et ils ne sont pas autoris\u00e9s \u00e0 utiliser ces informations \u00e0 d\u2019autres fins. Ces prestataires de services n\u2019ont pas le droit de divulguer ces informations \u00e0 d\u2019autres parties.\n\n<br><br>\n<b>\u2022 Vente ou transfert d\u2019entreprise ou autre transaction.<\/b> Nous pouvons divulguer des informations personnelles \u00e0 un tiers dans le cadre d'une vente ou d'un transfert d'entreprise ou d'actifs, d'une fusion, d'une r\u00e9organisation ou d'un financement de certaines parties de notre entreprise (y compris dans le cadre de proc\u00e9dures d'insolvabilit\u00e9 ou de faillite). Si la transaction est finalis\u00e9e, vos informations personnelles resteront prot\u00e9g\u00e9es par les lois sur la confidentialit\u00e9 en vigueur. Si la transaction n'est pas finalis\u00e9e, nous exigerons que l'autre partie n'utilise ni ne divulgue vos informations personnelles de quelque mani\u00e8re que ce soit et qu'elle supprime compl\u00e8tement ces informations, conform\u00e9ment aux lois applicables.\n\n<br><br>\n<b>\u2022 Partenaires commerciaux.<\/b> Avec votre consentement, nous pouvons fournir vos informations personnelles \u00e0 nos partenaires commerciaux, par exemple si vous \u00eates int\u00e9ress\u00e9 par leurs services.\n\n<br><br>\n<b>\u2022 Autres raisons permises.<\/b> Les lois applicables peuvent autoriser ou exiger la divulgation d'informations personnelles sans consentement dans des circonstances sp\u00e9cifiques (par exemple, pour enqu\u00eater et pr\u00e9venir des activit\u00e9s ill\u00e9gales pr\u00e9sum\u00e9es ou r\u00e9elles, y compris la fraude, ou pour aider les agences gouvernementales et les forces de l'ordre). Ces circonstances incluent les situations o\u00f9 la loi le permet ou l'exige, ou lorsqu'il est n\u00e9cessaire de prot\u00e9ger notre groupe d'entreprises, nos employ\u00e9s, nos clients ou d'autres personnes. Dans ce cas, nous ne partagerons pas plus d\u2019informations personnelles que ce qui est raisonnablement n\u00e9cessaire pour atteindre cet objectif particulier.\n<br>\n<br>\n<b>Informations personnelles \u00e0 l\u2019ext\u00e9rieur du Canada<\/b>\n<br><br>\nVos informations personnelles peuvent dans certains cas \u00eatre transf\u00e9r\u00e9es vers des juridictions situ\u00e9es en dehors du Canada. Par cons\u00e9quent, vous comprenez que vos informations personnelles seront soumises aux lois des autres juridictions et peuvent \u00eatre accessibles, sans pr\u00e9avis, aux autorit\u00e9s gouvernementales \u00e9trang\u00e8res en vertu d'ordres l\u00e9gaux et des lois applicables dans ces juridictions.\n<br><br>\n<b>S\u00e9curit\u00e9 des informations personnelles<\/b>\n<br><br>\nNous utilisons des mesures organisationnelles, physiques et technologiques pour prot\u00e9ger la confidentialit\u00e9 des informations personnelles et pour les prot\u00e9ger contre la perte ou le vol, ainsi que contre l'acc\u00e8s, la divulgation, la copie, l'utilisation ou la modification non autoris\u00e9s, en tenant compte, entre autres, de la sensibilit\u00e9 des informations et des objectifs pour lesquels elles sont utilis\u00e9es.\n<br><br>\n<b>Conservation<\/b>\n<br><br>\nNous ne conservons les informations personnelles que le temps n\u00e9cessaire pour atteindre les objectifs pour lesquels elles ont \u00e9t\u00e9 collect\u00e9es et pour lesquels le consentement a \u00e9t\u00e9 re\u00e7u, sauf si la loi autorise ou exige autrement. Les informations personnelles qui ne sont plus n\u00e9cessaires pour atteindre les objectifs identifi\u00e9s seront d\u00e9truites, effac\u00e9es ou rendues anonymes.\n<br><br>\n<b>Acc\u00e8s et rectification<\/b>\n<br><br>\nSDA respecte votre droit d'acc\u00e9der \u00e0 vos informations personnelles et de les corriger. Pour exercer ces droits, veuillez nous contacter en utilisant les coordonn\u00e9es fournies dans la section \u00ab Comment nous contacter \u00bb ci-dessous.\n<br><br>\n<b>Comment nous contacter<\/b>\n<br><br>\nSi vous avez des questions concernant cette Politique de confidentialit\u00e9 ou les pratiques de gestion des donn\u00e9es de SDA, veuillez nous contacter en utilisant les informations de contact fournies sur notre page \u00ab Contactez-nous \u00bb.\n<br><br>\n<b>Modification de la Politique de confidentialit\u00e9<\/b>\n<br><br>\nSDA peut examiner et mettre \u00e0 jour ses politiques et proc\u00e9dures au besoin pour rester \u00e0 jour avec les r\u00e8gles et r\u00e8glements, les nouvelles technologies et les normes.\n<br><br>\nNotre Politique de confidentialit\u00e9 peut donc changer de temps \u00e0 autre. Nous publierons tout changement apport\u00e9 \u00e0 la politique de confidentialit\u00e9 sur notre site web et, si les changements sont importants, nous fournirons un avis plus visible.\n<br><br>\n<b>Cette Politique de confidentialit\u00e9 a \u00e9t\u00e9 mise \u00e0 jour pour la derni\u00e8re fois le 1 novembre 2024.<\/b>\n<\/div><\/div>\t\t\t\t<\/div>\n\t\t\t\t<\/div>\n\t\t\t\t\t<\/div>\n\t\t<\/div>\n\t\t\t\t\t<\/div>\n\t\t<\/section>\n\t\t\t\t<\/div>\n\t\t","protected":false},"excerpt":{"rendered":"<p>Politique de confidentialit\u00e9 Votre vie priv\u00e9e est importante pour System Design Analysis (SDA) Inc. (\u00ab SDA \u00bb). Cette Politique de confidentialit\u00e9 d\u00e9crit comment nous collectons, utilisons et partageons les informations personnelles des visiteurs de notre site web et des personnes avec lesquelles nous communiquons en lien avec la promotion de nos services ou des services [&hellip;]<\/p>\n","protected":false},"author":1,"featured_media":0,"parent":0,"menu_order":0,"comment_status":"closed","ping_status":"open","template":"","meta":{"om_disable_all_campaigns":false,"footnotes":""},"class_list":["post-5235","page","type-page","status-publish","hentry"],"yoast_head":"<!-- This site is optimized with the Yoast SEO Premium plugin v25.4 (Yoast SEO v27.4) - https:\/\/yoast.com\/product\/yoast-seo-premium-wordpress\/ -->\n<title>Politique de confidentialit\u00e9 - SDA - System Design Analysis (SDA)<\/title>\n<meta name=\"robots\" content=\"index, follow, max-snippet:-1, max-image-preview:large, max-video-preview:-1\" \/>\n<link rel=\"canonical\" href=\"https:\/\/consultsda.com\/fr\/politique-de-confidentialite\/\" \/>\n<meta property=\"og:locale\" content=\"fr_FR\" \/>\n<meta property=\"og:type\" content=\"article\" \/>\n<meta property=\"og:title\" content=\"Politique de confidentialit\u00e9\" \/>\n<meta property=\"og:description\" content=\"Politique de confidentialit\u00e9 Votre vie priv\u00e9e est importante pour System Design Analysis (SDA) Inc. (\u00ab SDA \u00bb). Cette Politique de confidentialit\u00e9 d\u00e9crit comment nous collectons, utilisons et partageons les informations personnelles des visiteurs de notre site web et des personnes avec lesquelles nous communiquons en lien avec la promotion de nos services ou des services [&hellip;]\" \/>\n<meta property=\"og:url\" content=\"https:\/\/consultsda.com\/fr\/politique-de-confidentialite\/\" \/>\n<meta property=\"og:site_name\" content=\"SDA - System Design Analysis (SDA)\" \/>\n<meta property=\"article:modified_time\" content=\"2024-11-12T16:13:04+00:00\" \/>\n<meta name=\"twitter:card\" content=\"summary_large_image\" \/>\n<meta name=\"twitter:site\" content=\"@SDAInc3\" \/>\n<meta name=\"twitter:label1\" content=\"Dur\u00e9e de lecture estim\u00e9e\" \/>\n\t<meta name=\"twitter:data1\" content=\"7 minutes\" \/>\n<script type=\"application\/ld+json\" class=\"yoast-schema-graph\">{\"@context\":\"https:\\\/\\\/schema.org\",\"@graph\":[{\"@type\":\"WebPage\",\"@id\":\"https:\\\/\\\/consultsda.com\\\/fr\\\/politique-de-confidentialite\\\/\",\"url\":\"https:\\\/\\\/consultsda.com\\\/fr\\\/politique-de-confidentialite\\\/\",\"name\":\"Politique de confidentialit\u00e9 - SDA - System Design Analysis (SDA)\",\"isPartOf\":{\"@id\":\"https:\\\/\\\/consultsda.com\\\/fr\\\/#website\"},\"datePublished\":\"2023-05-26T06:11:23+00:00\",\"dateModified\":\"2024-11-12T16:13:04+00:00\",\"breadcrumb\":{\"@id\":\"https:\\\/\\\/consultsda.com\\\/fr\\\/politique-de-confidentialite\\\/#breadcrumb\"},\"inLanguage\":\"fr-FR\",\"potentialAction\":[{\"@type\":\"ReadAction\",\"target\":[\"https:\\\/\\\/consultsda.com\\\/fr\\\/politique-de-confidentialite\\\/\"]}]},{\"@type\":\"BreadcrumbList\",\"@id\":\"https:\\\/\\\/consultsda.com\\\/fr\\\/politique-de-confidentialite\\\/#breadcrumb\",\"itemListElement\":[{\"@type\":\"ListItem\",\"position\":1,\"name\":\"Home\",\"item\":\"https:\\\/\\\/consultsda.com\\\/fr\\\/\"},{\"@type\":\"ListItem\",\"position\":2,\"name\":\"Politique de confidentialit\u00e9\"}]},{\"@type\":\"WebSite\",\"@id\":\"https:\\\/\\\/consultsda.com\\\/fr\\\/#website\",\"url\":\"https:\\\/\\\/consultsda.com\\\/fr\\\/\",\"name\":\"SDA - System Design Analysis (SDA)\",\"description\":\"System Design Analysis (SDA) Inc\",\"publisher\":{\"@id\":\"https:\\\/\\\/consultsda.com\\\/fr\\\/#organization\"},\"alternateName\":\"SDA\",\"potentialAction\":[{\"@type\":\"SearchAction\",\"target\":{\"@type\":\"EntryPoint\",\"urlTemplate\":\"https:\\\/\\\/consultsda.com\\\/fr\\\/?s={search_term_string}\"},\"query-input\":{\"@type\":\"PropertyValueSpecification\",\"valueRequired\":true,\"valueName\":\"search_term_string\"}}],\"inLanguage\":\"fr-FR\"},{\"@type\":\"Organization\",\"@id\":\"https:\\\/\\\/consultsda.com\\\/fr\\\/#organization\",\"name\":\"SDA - System Design Analysis (SDA)\",\"alternateName\":\"SDA\",\"url\":\"https:\\\/\\\/consultsda.com\\\/fr\\\/\",\"logo\":{\"@type\":\"ImageObject\",\"inLanguage\":\"fr-FR\",\"@id\":\"https:\\\/\\\/consultsda.com\\\/fr\\\/#\\\/schema\\\/logo\\\/image\\\/\",\"url\":\"https:\\\/\\\/consultsda.com\\\/wp-content\\\/uploads\\\/2024\\\/10\\\/cropped-Logo-2.png?wsr\",\"contentUrl\":\"https:\\\/\\\/consultsda.com\\\/wp-content\\\/uploads\\\/2024\\\/10\\\/cropped-Logo-2.png?wsr\",\"width\":388,\"height\":224,\"caption\":\"SDA - System Design Analysis (SDA)\"},\"image\":{\"@id\":\"https:\\\/\\\/consultsda.com\\\/fr\\\/#\\\/schema\\\/logo\\\/image\\\/\"},\"sameAs\":[\"https:\\\/\\\/x.com\\\/SDAInc3\",\"https:\\\/\\\/www.linkedin.com\\\/company\\\/sda-inc\\\/\"]}]}<\/script>\n<!-- \/ Yoast SEO Premium plugin. -->","yoast_head_json":{"title":"Politique de confidentialit\u00e9 - SDA - System Design Analysis (SDA)","robots":{"index":"index","follow":"follow","max-snippet":"max-snippet:-1","max-image-preview":"max-image-preview:large","max-video-preview":"max-video-preview:-1"},"canonical":"https:\/\/consultsda.com\/fr\/politique-de-confidentialite\/","og_locale":"fr_FR","og_type":"article","og_title":"Politique de confidentialit\u00e9","og_description":"Politique de confidentialit\u00e9 Votre vie priv\u00e9e est importante pour System Design Analysis (SDA) Inc. (\u00ab SDA \u00bb). Cette Politique de confidentialit\u00e9 d\u00e9crit comment nous collectons, utilisons et partageons les informations personnelles des visiteurs de notre site web et des personnes avec lesquelles nous communiquons en lien avec la promotion de nos services ou des services [&hellip;]","og_url":"https:\/\/consultsda.com\/fr\/politique-de-confidentialite\/","og_site_name":"SDA - System Design Analysis (SDA)","article_modified_time":"2024-11-12T16:13:04+00:00","twitter_card":"summary_large_image","twitter_site":"@SDAInc3","twitter_misc":{"Dur\u00e9e de lecture estim\u00e9e":"7 minutes"},"schema":{"@context":"https:\/\/schema.org","@graph":[{"@type":"WebPage","@id":"https:\/\/consultsda.com\/fr\/politique-de-confidentialite\/","url":"https:\/\/consultsda.com\/fr\/politique-de-confidentialite\/","name":"Politique de confidentialit\u00e9 - SDA - System Design Analysis (SDA)","isPartOf":{"@id":"https:\/\/consultsda.com\/fr\/#website"},"datePublished":"2023-05-26T06:11:23+00:00","dateModified":"2024-11-12T16:13:04+00:00","breadcrumb":{"@id":"https:\/\/consultsda.com\/fr\/politique-de-confidentialite\/#breadcrumb"},"inLanguage":"fr-FR","potentialAction":[{"@type":"ReadAction","target":["https:\/\/consultsda.com\/fr\/politique-de-confidentialite\/"]}]},{"@type":"BreadcrumbList","@id":"https:\/\/consultsda.com\/fr\/politique-de-confidentialite\/#breadcrumb","itemListElement":[{"@type":"ListItem","position":1,"name":"Home","item":"https:\/\/consultsda.com\/fr\/"},{"@type":"ListItem","position":2,"name":"Politique de confidentialit\u00e9"}]},{"@type":"WebSite","@id":"https:\/\/consultsda.com\/fr\/#website","url":"https:\/\/consultsda.com\/fr\/","name":"SDA - System Design Analysis (SDA)","description":"System Design Analysis (SDA) Inc","publisher":{"@id":"https:\/\/consultsda.com\/fr\/#organization"},"alternateName":"SDA","potentialAction":[{"@type":"SearchAction","target":{"@type":"EntryPoint","urlTemplate":"https:\/\/consultsda.com\/fr\/?s={search_term_string}"},"query-input":{"@type":"PropertyValueSpecification","valueRequired":true,"valueName":"search_term_string"}}],"inLanguage":"fr-FR"},{"@type":"Organization","@id":"https:\/\/consultsda.com\/fr\/#organization","name":"SDA - System Design Analysis (SDA)","alternateName":"SDA","url":"https:\/\/consultsda.com\/fr\/","logo":{"@type":"ImageObject","inLanguage":"fr-FR","@id":"https:\/\/consultsda.com\/fr\/#\/schema\/logo\/image\/","url":"https:\/\/consultsda.com\/wp-content\/uploads\/2024\/10\/cropped-Logo-2.png?wsr","contentUrl":"https:\/\/consultsda.com\/wp-content\/uploads\/2024\/10\/cropped-Logo-2.png?wsr","width":388,"height":224,"caption":"SDA - System Design Analysis (SDA)"},"image":{"@id":"https:\/\/consultsda.com\/fr\/#\/schema\/logo\/image\/"},"sameAs":["https:\/\/x.com\/SDAInc3","https:\/\/www.linkedin.com\/company\/sda-inc\/"]}]}},"_links":{"self":[{"href":"https:\/\/consultsda.com\/fr\/wp-json\/wp\/v2\/pages\/5235","targetHints":{"allow":["GET"]}}],"collection":[{"href":"https:\/\/consultsda.com\/fr\/wp-json\/wp\/v2\/pages"}],"about":[{"href":"https:\/\/consultsda.com\/fr\/wp-json\/wp\/v2\/types\/page"}],"author":[{"embeddable":true,"href":"https:\/\/consultsda.com\/fr\/wp-json\/wp\/v2\/users\/1"}],"replies":[{"embeddable":true,"href":"https:\/\/consultsda.com\/fr\/wp-json\/wp\/v2\/comments?post=5235"}],"version-history":[{"count":12,"href":"https:\/\/consultsda.com\/fr\/wp-json\/wp\/v2\/pages\/5235\/revisions"}],"predecessor-version":[{"id":6891,"href":"https:\/\/consultsda.com\/fr\/wp-json\/wp\/v2\/pages\/5235\/revisions\/6891"}],"wp:attachment":[{"href":"https:\/\/consultsda.com\/fr\/wp-json\/wp\/v2\/media?parent=5235"}],"curies":[{"name":"wp","href":"https:\/\/api.w.org\/{rel}","templated":true}]}}