{"id":5059,"date":"2024-10-27T11:09:32","date_gmt":"2024-10-27T11:09:32","guid":{"rendered":"https:\/\/consultsda.com\/careers\/"},"modified":"2024-11-12T17:50:25","modified_gmt":"2024-11-12T17:50:25","slug":"carriere","status":"publish","type":"page","link":"https:\/\/consultsda.com\/fr\/carriere\/","title":{"rendered":"Carri\u00e8res"},"content":{"rendered":"<h2>Joignez-vous \u00e0 l&rsquo;\u00e9quipe de SDA<\/h2>\n<h5>Propulsez Votre Carri\u00e8re<\/h5>\n<p>Nous offrons plus qu\u2019un simple emploi; nous vous proposons une plateforme pour votre croissance professionnelle, bas\u00e9e sur les derni\u00e8res technologies et une philosophie ax\u00e9e sur l&rsquo;innovation. Profitez d&rsquo;avantages comp\u00e9titifs, de modalit\u00e9s de travail flexibles et des opportunit\u00e9s d&rsquo;apprentissage en continu. Rejoignez l&rsquo;\u00e9qipe pour travailler sur des projets impactants qui fa\u00e7onnent l&rsquo;avenir de la technologie.<\/p>\n<h5>Culture<\/h5>\n<p>Notre culture repose sur la collaboration, la cr\u00e9ativit\u00e9 et l&rsquo;inclusivit\u00e9. Nous favorisons un environnement o\u00f9 les perspectives diversifi\u00e9es prosp\u00e8rent, et o\u00f9 les membres de l&rsquo;\u00e9quipe sont encourag\u00e9s \u00e0 penser hors des sentiers battus. Avec un fort accent sur le d\u00e9veloppement personnel et professionnel, nous nous assurons que nos employ\u00e9s \u00e9voluent et innovent constamment.<\/p>\n<p><img fetchpriority=\"high\" decoding=\"async\" src=\"https:\/\/consultsda.com\/wp-content\/uploads\/2024\/10\/group-photo-3.png\" sizes=\"(max-width: 734px) 100vw, 734px\" srcset=\"https:\/\/consultsda.com\/wp-content\/uploads\/2024\/10\/group-photo-3.png 734w, https:\/\/consultsda.com\/wp-content\/uploads\/2024\/10\/group-photo-3-300x300.png 300w, https:\/\/consultsda.com\/wp-content\/uploads\/2024\/10\/group-photo-3-150x150.png 150w, https:\/\/consultsda.com\/wp-content\/uploads\/2024\/10\/group-photo-3-650x650.png 650w\" alt=\"\" width=\"734\" height=\"734\" \/><img decoding=\"async\" src=\"https:\/\/consultsda.com\/wp-content\/uploads\/2024\/10\/group-photo-4.png\" sizes=\"(max-width: 734px) 100vw, 734px\" srcset=\"https:\/\/consultsda.com\/wp-content\/uploads\/2024\/10\/group-photo-4.png 734w, https:\/\/consultsda.com\/wp-content\/uploads\/2024\/10\/group-photo-4-300x300.png 300w, https:\/\/consultsda.com\/wp-content\/uploads\/2024\/10\/group-photo-4-150x150.png 150w, https:\/\/consultsda.com\/wp-content\/uploads\/2024\/10\/group-photo-4-650x650.png 650w\" alt=\"\" width=\"734\" height=\"734\" \/><img decoding=\"async\" src=\"https:\/\/consultsda.com\/wp-content\/uploads\/2024\/10\/group-photo-5.png\" sizes=\"(max-width: 734px) 100vw, 734px\" srcset=\"https:\/\/consultsda.com\/wp-content\/uploads\/2024\/10\/group-photo-5.png 734w, https:\/\/consultsda.com\/wp-content\/uploads\/2024\/10\/group-photo-5-300x300.png 300w, https:\/\/consultsda.com\/wp-content\/uploads\/2024\/10\/group-photo-5-150x150.png 150w, https:\/\/consultsda.com\/wp-content\/uploads\/2024\/10\/group-photo-5-650x650.png 650w\" alt=\"\" width=\"734\" height=\"734\" \/><img loading=\"lazy\" decoding=\"async\" src=\"https:\/\/consultsda.com\/wp-content\/uploads\/2024\/10\/group-photo-7.png\" sizes=\"(max-width: 734px) 100vw, 734px\" srcset=\"https:\/\/consultsda.com\/wp-content\/uploads\/2024\/10\/group-photo-7.png 734w, https:\/\/consultsda.com\/wp-content\/uploads\/2024\/10\/group-photo-7-300x300.png 300w, https:\/\/consultsda.com\/wp-content\/uploads\/2024\/10\/group-photo-7-150x150.png 150w, https:\/\/consultsda.com\/wp-content\/uploads\/2024\/10\/group-photo-7-650x650.png 650w\" alt=\"\" width=\"734\" height=\"734\" \/><img loading=\"lazy\" decoding=\"async\" src=\"https:\/\/consultsda.com\/wp-content\/uploads\/2024\/10\/group-photo-8.png\" sizes=\"(max-width: 734px) 100vw, 734px\" srcset=\"https:\/\/consultsda.com\/wp-content\/uploads\/2024\/10\/group-photo-8.png 734w, https:\/\/consultsda.com\/wp-content\/uploads\/2024\/10\/group-photo-8-300x300.png 300w, https:\/\/consultsda.com\/wp-content\/uploads\/2024\/10\/group-photo-8-150x150.png 150w, https:\/\/consultsda.com\/wp-content\/uploads\/2024\/10\/group-photo-8-650x650.png 650w\" alt=\"\" width=\"734\" height=\"734\" \/><br \/>\nPostes ouverts<\/p>\n<h2>Propulsez votre carri\u00e8re avec SDA<\/h2>\n","protected":false},"excerpt":{"rendered":"<p>Joignez-vous \u00e0 l&rsquo;\u00e9quipe de SDA Propulsez Votre Carri\u00e8re Nous offrons plus qu\u2019un simple emploi; nous vous proposons une plateforme pour votre croissance professionnelle, bas\u00e9e sur les derni\u00e8res technologies et une philosophie ax\u00e9e sur l&rsquo;innovation. Profitez d&rsquo;avantages comp\u00e9titifs, de modalit\u00e9s de travail flexibles et des opportunit\u00e9s d&rsquo;apprentissage en continu. Rejoignez l&rsquo;\u00e9qipe pour travailler sur des projets [&hellip;]<\/p>\n","protected":false},"author":2,"featured_media":0,"parent":0,"menu_order":0,"comment_status":"closed","ping_status":"closed","template":"elementor_theme","meta":{"om_disable_all_campaigns":false,"footnotes":""},"class_list":["post-5059","page","type-page","status-publish","hentry"],"yoast_head":"<!-- This site is optimized with the Yoast SEO Premium plugin v25.4 (Yoast SEO v27.4) - https:\/\/yoast.com\/product\/yoast-seo-premium-wordpress\/ -->\n<title>Plateforme de croissance professionnelle et d&#039;innovation | Opportunit\u00e9s de carri\u00e8re et avantages comp\u00e9titifs - SDA - System Design Analysis (SDA)<\/title>\n<meta name=\"description\" content=\"Rejoignez-nous pour travailler sur des projets impactants qui fa\u00e7onnent l&#039;avenir de la technologie. Profitez d&#039;avantages comp\u00e9titifs, de conditions de travail flexibles et d&#039;opportunit\u00e9s d&#039;apprentissage continu.\" \/>\n<meta name=\"robots\" content=\"index, follow, max-snippet:-1, max-image-preview:large, max-video-preview:-1\" \/>\n<link rel=\"canonical\" href=\"https:\/\/consultsda.com\/fr\/carriere\/\" \/>\n<meta property=\"og:locale\" content=\"fr_FR\" \/>\n<meta property=\"og:type\" content=\"article\" \/>\n<meta property=\"og:title\" content=\"Carri\u00e8res\" \/>\n<meta property=\"og:description\" content=\"Rejoignez-nous pour travailler sur des projets impactants qui fa\u00e7onnent l&#039;avenir de la technologie. Profitez d&#039;avantages comp\u00e9titifs, de conditions de travail flexibles et d&#039;opportunit\u00e9s d&#039;apprentissage continu.\" \/>\n<meta property=\"og:url\" content=\"https:\/\/consultsda.com\/fr\/carriere\/\" \/>\n<meta property=\"og:site_name\" content=\"SDA - System Design Analysis (SDA)\" \/>\n<meta property=\"article:modified_time\" content=\"2024-11-12T17:50:25+00:00\" \/>\n<meta property=\"og:image\" content=\"https:\/\/consultsda.com\/wp-content\/uploads\/2024\/10\/group-photo-3.png\" \/>\n<meta name=\"twitter:card\" content=\"summary_large_image\" \/>\n<meta name=\"twitter:site\" content=\"@SDAInc3\" \/>\n<meta name=\"twitter:label1\" content=\"Dur\u00e9e de lecture estim\u00e9e\" \/>\n\t<meta name=\"twitter:data1\" content=\"2 minutes\" \/>\n<script type=\"application\/ld+json\" class=\"yoast-schema-graph\">{\"@context\":\"https:\\\/\\\/schema.org\",\"@graph\":[{\"@type\":\"WebPage\",\"@id\":\"https:\\\/\\\/consultsda.com\\\/fr\\\/carriere\\\/\",\"url\":\"https:\\\/\\\/consultsda.com\\\/fr\\\/carriere\\\/\",\"name\":\"Plateforme de croissance professionnelle et d'innovation | Opportunit\u00e9s de carri\u00e8re et avantages comp\u00e9titifs - SDA - System Design Analysis (SDA)\",\"isPartOf\":{\"@id\":\"https:\\\/\\\/consultsda.com\\\/fr\\\/#website\"},\"primaryImageOfPage\":{\"@id\":\"https:\\\/\\\/consultsda.com\\\/fr\\\/carriere\\\/#primaryimage\"},\"image\":{\"@id\":\"https:\\\/\\\/consultsda.com\\\/fr\\\/carriere\\\/#primaryimage\"},\"thumbnailUrl\":\"https:\\\/\\\/consultsda.com\\\/wp-content\\\/uploads\\\/2024\\\/10\\\/group-photo-3.png\",\"datePublished\":\"2024-10-27T11:09:32+00:00\",\"dateModified\":\"2024-11-12T17:50:25+00:00\",\"description\":\"Rejoignez-nous pour travailler sur des projets impactants qui fa\u00e7onnent l'avenir de la technologie. Profitez d'avantages comp\u00e9titifs, de conditions de travail flexibles et d'opportunit\u00e9s d'apprentissage continu.\",\"breadcrumb\":{\"@id\":\"https:\\\/\\\/consultsda.com\\\/fr\\\/carriere\\\/#breadcrumb\"},\"inLanguage\":\"fr-FR\",\"potentialAction\":[{\"@type\":\"ReadAction\",\"target\":[\"https:\\\/\\\/consultsda.com\\\/fr\\\/carriere\\\/\"]}]},{\"@type\":\"ImageObject\",\"inLanguage\":\"fr-FR\",\"@id\":\"https:\\\/\\\/consultsda.com\\\/fr\\\/carriere\\\/#primaryimage\",\"url\":\"https:\\\/\\\/consultsda.com\\\/wp-content\\\/uploads\\\/2024\\\/10\\\/group-photo-3.png\",\"contentUrl\":\"https:\\\/\\\/consultsda.com\\\/wp-content\\\/uploads\\\/2024\\\/10\\\/group-photo-3.png\"},{\"@type\":\"BreadcrumbList\",\"@id\":\"https:\\\/\\\/consultsda.com\\\/fr\\\/carriere\\\/#breadcrumb\",\"itemListElement\":[{\"@type\":\"ListItem\",\"position\":1,\"name\":\"Home\",\"item\":\"https:\\\/\\\/consultsda.com\\\/fr\\\/\"},{\"@type\":\"ListItem\",\"position\":2,\"name\":\"Carri\u00e8res\"}]},{\"@type\":\"WebSite\",\"@id\":\"https:\\\/\\\/consultsda.com\\\/fr\\\/#website\",\"url\":\"https:\\\/\\\/consultsda.com\\\/fr\\\/\",\"name\":\"SDA - System Design Analysis (SDA)\",\"description\":\"System Design Analysis (SDA) Inc\",\"publisher\":{\"@id\":\"https:\\\/\\\/consultsda.com\\\/fr\\\/#organization\"},\"alternateName\":\"SDA\",\"potentialAction\":[{\"@type\":\"SearchAction\",\"target\":{\"@type\":\"EntryPoint\",\"urlTemplate\":\"https:\\\/\\\/consultsda.com\\\/fr\\\/?s={search_term_string}\"},\"query-input\":{\"@type\":\"PropertyValueSpecification\",\"valueRequired\":true,\"valueName\":\"search_term_string\"}}],\"inLanguage\":\"fr-FR\"},{\"@type\":\"Organization\",\"@id\":\"https:\\\/\\\/consultsda.com\\\/fr\\\/#organization\",\"name\":\"SDA - System Design Analysis (SDA)\",\"alternateName\":\"SDA\",\"url\":\"https:\\\/\\\/consultsda.com\\\/fr\\\/\",\"logo\":{\"@type\":\"ImageObject\",\"inLanguage\":\"fr-FR\",\"@id\":\"https:\\\/\\\/consultsda.com\\\/fr\\\/#\\\/schema\\\/logo\\\/image\\\/\",\"url\":\"https:\\\/\\\/consultsda.com\\\/wp-content\\\/uploads\\\/2024\\\/10\\\/cropped-Logo-2.png?wsr\",\"contentUrl\":\"https:\\\/\\\/consultsda.com\\\/wp-content\\\/uploads\\\/2024\\\/10\\\/cropped-Logo-2.png?wsr\",\"width\":388,\"height\":224,\"caption\":\"SDA - System Design Analysis (SDA)\"},\"image\":{\"@id\":\"https:\\\/\\\/consultsda.com\\\/fr\\\/#\\\/schema\\\/logo\\\/image\\\/\"},\"sameAs\":[\"https:\\\/\\\/x.com\\\/SDAInc3\",\"https:\\\/\\\/www.linkedin.com\\\/company\\\/sda-inc\\\/\"]}]}<\/script>\n<!-- \/ Yoast SEO Premium plugin. -->","yoast_head_json":{"title":"Plateforme de croissance professionnelle et d'innovation | Opportunit\u00e9s de carri\u00e8re et avantages comp\u00e9titifs - SDA - System Design Analysis (SDA)","description":"Rejoignez-nous pour travailler sur des projets impactants qui fa\u00e7onnent l'avenir de la technologie. Profitez d'avantages comp\u00e9titifs, de conditions de travail flexibles et d'opportunit\u00e9s d'apprentissage continu.","robots":{"index":"index","follow":"follow","max-snippet":"max-snippet:-1","max-image-preview":"max-image-preview:large","max-video-preview":"max-video-preview:-1"},"canonical":"https:\/\/consultsda.com\/fr\/carriere\/","og_locale":"fr_FR","og_type":"article","og_title":"Carri\u00e8res","og_description":"Rejoignez-nous pour travailler sur des projets impactants qui fa\u00e7onnent l'avenir de la technologie. Profitez d'avantages comp\u00e9titifs, de conditions de travail flexibles et d'opportunit\u00e9s d'apprentissage continu.","og_url":"https:\/\/consultsda.com\/fr\/carriere\/","og_site_name":"SDA - System Design Analysis (SDA)","article_modified_time":"2024-11-12T17:50:25+00:00","og_image":[{"url":"https:\/\/consultsda.com\/wp-content\/uploads\/2024\/10\/group-photo-3.png","type":"","width":"","height":""}],"twitter_card":"summary_large_image","twitter_site":"@SDAInc3","twitter_misc":{"Dur\u00e9e de lecture estim\u00e9e":"2 minutes"},"schema":{"@context":"https:\/\/schema.org","@graph":[{"@type":"WebPage","@id":"https:\/\/consultsda.com\/fr\/carriere\/","url":"https:\/\/consultsda.com\/fr\/carriere\/","name":"Plateforme de croissance professionnelle et d'innovation | Opportunit\u00e9s de carri\u00e8re et avantages comp\u00e9titifs - SDA - System Design Analysis (SDA)","isPartOf":{"@id":"https:\/\/consultsda.com\/fr\/#website"},"primaryImageOfPage":{"@id":"https:\/\/consultsda.com\/fr\/carriere\/#primaryimage"},"image":{"@id":"https:\/\/consultsda.com\/fr\/carriere\/#primaryimage"},"thumbnailUrl":"https:\/\/consultsda.com\/wp-content\/uploads\/2024\/10\/group-photo-3.png","datePublished":"2024-10-27T11:09:32+00:00","dateModified":"2024-11-12T17:50:25+00:00","description":"Rejoignez-nous pour travailler sur des projets impactants qui fa\u00e7onnent l'avenir de la technologie. Profitez d'avantages comp\u00e9titifs, de conditions de travail flexibles et d'opportunit\u00e9s d'apprentissage continu.","breadcrumb":{"@id":"https:\/\/consultsda.com\/fr\/carriere\/#breadcrumb"},"inLanguage":"fr-FR","potentialAction":[{"@type":"ReadAction","target":["https:\/\/consultsda.com\/fr\/carriere\/"]}]},{"@type":"ImageObject","inLanguage":"fr-FR","@id":"https:\/\/consultsda.com\/fr\/carriere\/#primaryimage","url":"https:\/\/consultsda.com\/wp-content\/uploads\/2024\/10\/group-photo-3.png","contentUrl":"https:\/\/consultsda.com\/wp-content\/uploads\/2024\/10\/group-photo-3.png"},{"@type":"BreadcrumbList","@id":"https:\/\/consultsda.com\/fr\/carriere\/#breadcrumb","itemListElement":[{"@type":"ListItem","position":1,"name":"Home","item":"https:\/\/consultsda.com\/fr\/"},{"@type":"ListItem","position":2,"name":"Carri\u00e8res"}]},{"@type":"WebSite","@id":"https:\/\/consultsda.com\/fr\/#website","url":"https:\/\/consultsda.com\/fr\/","name":"SDA - System Design Analysis (SDA)","description":"System Design Analysis (SDA) Inc","publisher":{"@id":"https:\/\/consultsda.com\/fr\/#organization"},"alternateName":"SDA","potentialAction":[{"@type":"SearchAction","target":{"@type":"EntryPoint","urlTemplate":"https:\/\/consultsda.com\/fr\/?s={search_term_string}"},"query-input":{"@type":"PropertyValueSpecification","valueRequired":true,"valueName":"search_term_string"}}],"inLanguage":"fr-FR"},{"@type":"Organization","@id":"https:\/\/consultsda.com\/fr\/#organization","name":"SDA - System Design Analysis (SDA)","alternateName":"SDA","url":"https:\/\/consultsda.com\/fr\/","logo":{"@type":"ImageObject","inLanguage":"fr-FR","@id":"https:\/\/consultsda.com\/fr\/#\/schema\/logo\/image\/","url":"https:\/\/consultsda.com\/wp-content\/uploads\/2024\/10\/cropped-Logo-2.png?wsr","contentUrl":"https:\/\/consultsda.com\/wp-content\/uploads\/2024\/10\/cropped-Logo-2.png?wsr","width":388,"height":224,"caption":"SDA - System Design Analysis (SDA)"},"image":{"@id":"https:\/\/consultsda.com\/fr\/#\/schema\/logo\/image\/"},"sameAs":["https:\/\/x.com\/SDAInc3","https:\/\/www.linkedin.com\/company\/sda-inc\/"]}]}},"_links":{"self":[{"href":"https:\/\/consultsda.com\/fr\/wp-json\/wp\/v2\/pages\/5059","targetHints":{"allow":["GET"]}}],"collection":[{"href":"https:\/\/consultsda.com\/fr\/wp-json\/wp\/v2\/pages"}],"about":[{"href":"https:\/\/consultsda.com\/fr\/wp-json\/wp\/v2\/types\/page"}],"author":[{"embeddable":true,"href":"https:\/\/consultsda.com\/fr\/wp-json\/wp\/v2\/users\/2"}],"replies":[{"embeddable":true,"href":"https:\/\/consultsda.com\/fr\/wp-json\/wp\/v2\/comments?post=5059"}],"version-history":[{"count":38,"href":"https:\/\/consultsda.com\/fr\/wp-json\/wp\/v2\/pages\/5059\/revisions"}],"predecessor-version":[{"id":6902,"href":"https:\/\/consultsda.com\/fr\/wp-json\/wp\/v2\/pages\/5059\/revisions\/6902"}],"wp:attachment":[{"href":"https:\/\/consultsda.com\/fr\/wp-json\/wp\/v2\/media?parent=5059"}],"curies":[{"name":"wp","href":"https:\/\/api.w.org\/{rel}","templated":true}]}}